{"id":18,"date":"2017-05-04T22:23:19","date_gmt":"2017-05-04T20:23:19","guid":{"rendered":"http:\/\/uojdanow.pl\/inwestycje\/?page_id=18"},"modified":"2020-06-29T18:51:39","modified_gmt":"2020-06-29T16:51:39","slug":"kontakt","status":"publish","type":"page","link":"http:\/\/uojdanow.pl\/inwestycje\/kontakt\/","title":{"rendered":"Kontakt"},"content":{"rendered":"<p><b>PHU \u201dOjdana\u201d Marek Ojdana<br \/>\n<\/b>ul. Tadeusza Ko\u015bciuszki 104<br \/>\n07- 100 W\u0119gr\u00f3w<\/p>\n<p>e-mail: <a href=\"mailto:daniel.ojdana@gmail.com\">daniel.ojdana@gmail.com<\/a><\/p>\n<p>Tel.:<br \/>\nmgr in\u017c. Daniel Ojdana<br \/>\nTel. kom.: 602276559<\/p>\n","protected":false},"excerpt":{"rendered":"<p>PHU \u201dOjdana\u201d Marek Ojdana ul. Tadeusza Ko\u015bciuszki 104 07- 100 W\u0119gr\u00f3w e-mail: daniel.ojdana@gmail.com Tel.: mgr in\u017c. Daniel Ojdana Tel. kom.: 602276559<\/p>\n","protected":false},"author":1,"featured_media":0,"parent":0,"menu_order":6,"comment_status":"closed","ping_status":"closed","template":"","meta":[],"_links":{"self":[{"href":"http:\/\/uojdanow.pl\/inwestycje\/wp-json\/wp\/v2\/pages\/18"}],"collection":[{"href":"http:\/\/uojdanow.pl\/inwestycje\/wp-json\/wp\/v2\/pages"}],"about":[{"href":"http:\/\/uojdanow.pl\/inwestycje\/wp-json\/wp\/v2\/types\/page"}],"author":[{"embeddable":true,"href":"http:\/\/uojdanow.pl\/inwestycje\/wp-json\/wp\/v2\/users\/1"}],"replies":[{"embeddable":true,"href":"http:\/\/uojdanow.pl\/inwestycje\/wp-json\/wp\/v2\/comments?post=18"}],"version-history":[{"count":3,"href":"http:\/\/uojdanow.pl\/inwestycje\/wp-json\/wp\/v2\/pages\/18\/revisions"}],"predecessor-version":[{"id":241,"href":"http:\/\/uojdanow.pl\/inwestycje\/wp-json\/wp\/v2\/pages\/18\/revisions\/241"}],"wp:attachment":[{"href":"http:\/\/uojdanow.pl\/inwestycje\/wp-json\/wp\/v2\/media?parent=18"}],"curies":[{"name":"wp","href":"https:\/\/api.w.org\/{rel}","templated":true}]}}