{"id":531,"date":"2020-06-29T18:03:34","date_gmt":"2020-06-29T16:03:34","guid":{"rendered":"http:\/\/uojdanow.pl\/inwestycje\/?page_id=531"},"modified":"2022-04-04T21:12:00","modified_gmt":"2022-04-04T19:12:00","slug":"inwestycje-wlasne","status":"publish","type":"page","link":"http:\/\/uojdanow.pl\/inwestycje\/inwestycje-wlasne\/","title":{"rendered":"Inwestycje w\u0142asne"},"content":{"rendered":"\r\n<h1>Budowa przedszkola przy ul. Strefowej w W\u0119growie<\/h1>\r\n<p>\r\n\r\n\r\n\r\n<\/p>\r\n<p><img loading=\"lazy\" class=\"aligncenter size-full wp-image-621\" src=\"http:\/\/uojdanow.pl\/inwestycje\/wp-content\/uploads\/2022\/04\/1.jpg\" alt=\"\" width=\"720\" height=\"341\" srcset=\"http:\/\/uojdanow.pl\/inwestycje\/wp-content\/uploads\/2022\/04\/1.jpg 720w, http:\/\/uojdanow.pl\/inwestycje\/wp-content\/uploads\/2022\/04\/1-300x142.jpg 300w\" sizes=\"(max-width: 720px) 100vw, 720px\" \/> <img loading=\"lazy\" class=\"aligncenter size-full wp-image-622\" src=\"http:\/\/uojdanow.pl\/inwestycje\/wp-content\/uploads\/2022\/04\/2.jpg\" alt=\"\" width=\"720\" height=\"341\" srcset=\"http:\/\/uojdanow.pl\/inwestycje\/wp-content\/uploads\/2022\/04\/2.jpg 720w, http:\/\/uojdanow.pl\/inwestycje\/wp-content\/uploads\/2022\/04\/2-300x142.jpg 300w\" sizes=\"(max-width: 720px) 100vw, 720px\" \/> <img loading=\"lazy\" class=\"aligncenter size-full wp-image-623\" src=\"http:\/\/uojdanow.pl\/inwestycje\/wp-content\/uploads\/2022\/04\/3.jpg\" alt=\"\" width=\"720\" height=\"341\" srcset=\"http:\/\/uojdanow.pl\/inwestycje\/wp-content\/uploads\/2022\/04\/3.jpg 720w, http:\/\/uojdanow.pl\/inwestycje\/wp-content\/uploads\/2022\/04\/3-300x142.jpg 300w\" sizes=\"(max-width: 720px) 100vw, 720px\" \/><\/p>\r\n<h1>Rozbudowa hotelu przy ul. Ko\u015bciuszki 104 w W\u0119growie<\/h1>\r\n\r\n\r\n\r\n\r\n\r\n<p>W projektowanym obiekcie znajdowa\u0107 b\u0119d\u0105 si\u0119 min.:<\/p>\r\n\r\n\r\n\r\n<ul>\r\n<li>Wszystkie pokoje w standardzie czterogwiazdkowym.<\/li>\r\n<li>Basen o d\u0142ugo\u015bci 15m.<\/li>\r\n<li>Sauna.<\/li>\r\n<li>Jacuzzi.<\/li>\r\n<li>Kr\u0119gielnia.<\/li>\r\n<li>Sala bankietowa.<\/li>\r\n<li>Dwie restauracje.<\/li>\r\n<li>Gabinety odnowy biologicznej.<\/li>\r\n<li>Zewn\u0119trzny plac zabaw.<\/li>\r\n<li>Sala zabaw dla dzieci.<\/li>\r\n<li>Si\u0142ownia.<\/li>\r\n<li>Sala fitness.<\/li>\r\n<\/ul>\r\n\r\n\r\n\r\n<figure class=\"wp-block-image\"><img loading=\"lazy\" width=\"720\" height=\"341\" class=\"wp-image-535\" src=\"http:\/\/uojdanow.pl\/inwestycje\/wp-content\/uploads\/2020\/06\/17.03.20_HOTEL-11.jpg\" alt=\"\" srcset=\"http:\/\/uojdanow.pl\/inwestycje\/wp-content\/uploads\/2020\/06\/17.03.20_HOTEL-11.jpg 720w, http:\/\/uojdanow.pl\/inwestycje\/wp-content\/uploads\/2020\/06\/17.03.20_HOTEL-11-300x142.jpg 300w\" sizes=\"(max-width: 720px) 100vw, 720px\" \/><\/figure>\r\n\r\n\r\n\r\n<figure class=\"wp-block-image\"><img loading=\"lazy\" width=\"720\" height=\"341\" class=\"wp-image-536\" src=\"http:\/\/uojdanow.pl\/inwestycje\/wp-content\/uploads\/2020\/06\/17.03.20_HOTEL-1.jpg\" alt=\"\" srcset=\"http:\/\/uojdanow.pl\/inwestycje\/wp-content\/uploads\/2020\/06\/17.03.20_HOTEL-1.jpg 720w, http:\/\/uojdanow.pl\/inwestycje\/wp-content\/uploads\/2020\/06\/17.03.20_HOTEL-1-300x142.jpg 300w\" sizes=\"(max-width: 720px) 100vw, 720px\" \/><\/figure>\r\n\r\n\r\n\r\n<figure class=\"wp-block-image\"><img loading=\"lazy\" width=\"720\" height=\"341\" class=\"wp-image-537\" src=\"http:\/\/uojdanow.pl\/inwestycje\/wp-content\/uploads\/2020\/06\/17.03.20_HOTEL-2.jpg\" alt=\"\" srcset=\"http:\/\/uojdanow.pl\/inwestycje\/wp-content\/uploads\/2020\/06\/17.03.20_HOTEL-2.jpg 720w, http:\/\/uojdanow.pl\/inwestycje\/wp-content\/uploads\/2020\/06\/17.03.20_HOTEL-2-300x142.jpg 300w\" sizes=\"(max-width: 720px) 100vw, 720px\" \/><\/figure>\r\n\r\n\r\n\r\n<figure class=\"wp-block-image\"><img loading=\"lazy\" width=\"720\" height=\"341\" class=\"wp-image-538\" src=\"http:\/\/uojdanow.pl\/inwestycje\/wp-content\/uploads\/2020\/06\/17.03.20_HOTEL-4.jpg\" alt=\"\" srcset=\"http:\/\/uojdanow.pl\/inwestycje\/wp-content\/uploads\/2020\/06\/17.03.20_HOTEL-4.jpg 720w, http:\/\/uojdanow.pl\/inwestycje\/wp-content\/uploads\/2020\/06\/17.03.20_HOTEL-4-300x142.jpg 300w\" sizes=\"(max-width: 720px) 100vw, 720px\" \/><\/figure>\r\n\r\n\r\n\r\n<figure class=\"wp-block-image\"><img loading=\"lazy\" width=\"720\" height=\"341\" class=\"wp-image-539\" src=\"http:\/\/uojdanow.pl\/inwestycje\/wp-content\/uploads\/2020\/06\/17.03.20_HOTEL-5.jpg\" alt=\"\" srcset=\"http:\/\/uojdanow.pl\/inwestycje\/wp-content\/uploads\/2020\/06\/17.03.20_HOTEL-5.jpg 720w, http:\/\/uojdanow.pl\/inwestycje\/wp-content\/uploads\/2020\/06\/17.03.20_HOTEL-5-300x142.jpg 300w\" sizes=\"(max-width: 720px) 100vw, 720px\" \/><\/figure>\r\n\r\n\r\n\r\n<figure class=\"wp-block-image\"><img loading=\"lazy\" width=\"720\" height=\"341\" class=\"wp-image-540\" src=\"http:\/\/uojdanow.pl\/inwestycje\/wp-content\/uploads\/2020\/06\/17.03.20_HOTEL-7.jpg\" alt=\"\" srcset=\"http:\/\/uojdanow.pl\/inwestycje\/wp-content\/uploads\/2020\/06\/17.03.20_HOTEL-7.jpg 720w, http:\/\/uojdanow.pl\/inwestycje\/wp-content\/uploads\/2020\/06\/17.03.20_HOTEL-7-300x142.jpg 300w\" sizes=\"(max-width: 720px) 100vw, 720px\" \/><\/figure>\r\n\r\n\r\n\r\n<figure class=\"wp-block-image\"><img loading=\"lazy\" width=\"720\" height=\"341\" class=\"wp-image-541\" src=\"http:\/\/uojdanow.pl\/inwestycje\/wp-content\/uploads\/2020\/06\/17.03.20_HOTEL-9.jpg\" alt=\"\" srcset=\"http:\/\/uojdanow.pl\/inwestycje\/wp-content\/uploads\/2020\/06\/17.03.20_HOTEL-9.jpg 720w, http:\/\/uojdanow.pl\/inwestycje\/wp-content\/uploads\/2020\/06\/17.03.20_HOTEL-9-300x142.jpg 300w\" sizes=\"(max-width: 720px) 100vw, 720px\" \/><\/figure>\r\n\r\n\r\n\r\n<figure class=\"wp-block-image\"><img loading=\"lazy\" width=\"720\" height=\"341\" class=\"wp-image-542\" src=\"http:\/\/uojdanow.pl\/inwestycje\/wp-content\/uploads\/2020\/06\/17.03.20_HOTEL-10.jpg\" alt=\"\" srcset=\"http:\/\/uojdanow.pl\/inwestycje\/wp-content\/uploads\/2020\/06\/17.03.20_HOTEL-10.jpg 720w, http:\/\/uojdanow.pl\/inwestycje\/wp-content\/uploads\/2020\/06\/17.03.20_HOTEL-10-300x142.jpg 300w\" sizes=\"(max-width: 720px) 100vw, 720px\" \/><\/figure>\r\n<p>&nbsp;<\/p>\r\n","protected":false},"excerpt":{"rendered":"<p>Budowa przedszkola przy ul. Strefowej w W\u0119growie Rozbudowa hotelu przy ul. Ko\u015bciuszki 104 w W\u0119growie W projektowanym obiekcie znajdowa\u0107 b\u0119d\u0105 si\u0119 min.: Wszystkie pokoje w standardzie czterogwiazdkowym. Basen o d\u0142ugo\u015bci 15m. Sauna. Jacuzzi. Kr\u0119gielnia. Sala bankietowa. Dwie restauracje. Gabinety odnowy biologicznej. Zewn\u0119trzny plac zabaw. Sala zabaw dla dzieci. Si\u0142ownia. Sala fitness.<\/p>\n","protected":false},"author":2,"featured_media":0,"parent":0,"menu_order":5,"comment_status":"closed","ping_status":"closed","template":"","meta":[],"_links":{"self":[{"href":"http:\/\/uojdanow.pl\/inwestycje\/wp-json\/wp\/v2\/pages\/531"}],"collection":[{"href":"http:\/\/uojdanow.pl\/inwestycje\/wp-json\/wp\/v2\/pages"}],"about":[{"href":"http:\/\/uojdanow.pl\/inwestycje\/wp-json\/wp\/v2\/types\/page"}],"author":[{"embeddable":true,"href":"http:\/\/uojdanow.pl\/inwestycje\/wp-json\/wp\/v2\/users\/2"}],"replies":[{"embeddable":true,"href":"http:\/\/uojdanow.pl\/inwestycje\/wp-json\/wp\/v2\/comments?post=531"}],"version-history":[{"count":5,"href":"http:\/\/uojdanow.pl\/inwestycje\/wp-json\/wp\/v2\/pages\/531\/revisions"}],"predecessor-version":[{"id":625,"href":"http:\/\/uojdanow.pl\/inwestycje\/wp-json\/wp\/v2\/pages\/531\/revisions\/625"}],"wp:attachment":[{"href":"http:\/\/uojdanow.pl\/inwestycje\/wp-json\/wp\/v2\/media?parent=531"}],"curies":[{"name":"wp","href":"https:\/\/api.w.org\/{rel}","templated":true}]}}