{"id":67,"date":"2017-05-05T00:31:32","date_gmt":"2017-05-04T22:31:32","guid":{"rendered":"http:\/\/uojdanow.pl\/inwestycje\/?page_id=67"},"modified":"2020-06-29T19:05:11","modified_gmt":"2020-06-29T17:05:11","slug":"o-firmie","status":"publish","type":"page","link":"http:\/\/uojdanow.pl\/inwestycje\/","title":{"rendered":"O firmie"},"content":{"rendered":"<p>PHU \u201eOjdana\u201d Marek Ojdana to firma budowlana powsta\u0142a na pocz\u0105tku lat 90-tych. Firma posiada szerokie do\u015bwiadczenie w realizacji rob\u00f3t budowlanych zdobyte w wyniku realizacji licznych us\u0142ug w ramach przetarg\u00f3w publicznych, a tak\u017ce na zlecenie inwestor\u00f3w prywatnych.<\/p>\n<p>W swoim port folio mamy wiele zrealizowanych inwestycji, min:<\/p>\n<p>&#8211; adaptacja i rozbudowa zabytkowego budynku dawnego Urz\u0119du Gminy w Drohiczynie na muzeum wraz z budow\u0105 amfiteatru<\/p>\n<p>&#8211; termomodernizacja kompleksu budynk\u00f3w MPK Sp.zo.o. w Siedlcach<\/p>\n<p>&#8211; termomodernizacja budynku Miejskiego Przedszkola nr 17 w Siedlcach<\/p>\n<p>&#8211; termomodernizacja zabytkowego budynku szkolnego w Miedznie<\/p>\n<p>&#8211; przedudowa dachu na budynku g\u0142\u00f3wnym Domu Pomocy Spo\u0142ecznej w Mieni<\/p>\n<p>&#8211; remont elewacji zabytkowego drewnianego ko\u015bcio\u0142a p.w. \u015aw. Jerzego we wsi Sawice<\/p>\n<p>&#8211; termomodernizacja budynku koszarowego na terenie Wojskowej Bazy Lotnictwa Taktycznego w Mi\u0144sku Mazowieckim<\/p>\n<p>&#8211; termomodernizacja budynku Przychodni NZOZ przy ul.Formi\u0144skiego 14 w Siedlcach<\/p>\n<p>&#8211; remont konserwatorski budynku oficyny oraz wykonanie elewacji budynku dworu Muzeum Ziemia\u0144stwa w D\u0105browie<\/p>\n<p>&#8211; remont i adaptacja budynku Mazowieckiego Biura Planowania Regionalnego w Siedlcach przy ul.Pu\u0142askiego 19<\/p>\n<p>Od 2015 r. firma realizuje inwestycje deweloperskie. W 2016 r. sfinalizowana zosta\u0142a inwestycja polegaj\u0105ca na budowie sze\u015bciu budynk\u00f3w mieszkaniowych jednorodzinnych na osiedlu przy ulicy \u0141amanej w W\u0119growie.<\/p>\n<p>Wszystkie projekty budowlane oraz wszelkie prace wykonywane na budowie s\u0105 nadzorowane przez projektanta konstrukcji, kierownika budowy i inspektora nadzoru inwestorskiego, aby zapewni\u0107 najwy\u017csz\u0105 jako\u015b\u0107 naszych prac. Dzi\u0119ki naszemu wieloletniemu do\u015bwiadczeniu wiemy jak realizowa\u0107 inwestycje z zapewnieniem wysokiej jako\u015bci oraz precyzji wykonania. Pragniemy, aby nasza oferta w\u00a0maksymalnym stopniu spe\u0142nia\u0142a oczekiwania naszych Klient\u00f3w, dlatego bardzo drobiazgowo przygotowujemy nasze projekty mieszkaniowe, na pierwszym miejscu stawiaj\u0105c na jako\u015b\u0107, funkcjonalno\u015b\u0107, a\u00a0przez to r\u00f3wnie\u017c atrakcyjno\u015b\u0107 oferty. Tworzymy nowoczesne osiedla, wyr\u00f3\u017cniaj\u0105ce si\u0119 ciekaw\u0105 architektur\u0105 i\u00a0dobrze wkomponowane w\u00a0otaczaj\u0105c\u0105 je okolic\u0119. Dbamy o\u00a0to, aby nasze inwestycje mia\u0142y optymalny metra\u017c i\u00a0dobrze rozplanowany uk\u0142ad funkcjonalny.<\/p>\n","protected":false},"excerpt":{"rendered":"<p>PHU \u201eOjdana\u201d Marek Ojdana to firma budowlana powsta\u0142a na pocz\u0105tku lat 90-tych. Firma posiada szerokie do\u015bwiadczenie w realizacji rob\u00f3t budowlanych zdobyte w wyniku realizacji licznych us\u0142ug w ramach przetarg\u00f3w publicznych, a tak\u017ce na zlecenie inwestor\u00f3w prywatnych. W swoim port folio mamy wiele zrealizowanych inwestycji, min: &#8211; adaptacja i rozbudowa zabytkowego budynku dawnego Urz\u0119du Gminy w&hellip;<a href=\"http:\/\/uojdanow.pl\/inwestycje\/\" class=\"more-link\">Continue reading <span class=\"screen-reader-text\">O firmie<\/span><\/a><\/p>\n","protected":false},"author":1,"featured_media":0,"parent":0,"menu_order":1,"comment_status":"closed","ping_status":"closed","template":"","meta":[],"_links":{"self":[{"href":"http:\/\/uojdanow.pl\/inwestycje\/wp-json\/wp\/v2\/pages\/67"}],"collection":[{"href":"http:\/\/uojdanow.pl\/inwestycje\/wp-json\/wp\/v2\/pages"}],"about":[{"href":"http:\/\/uojdanow.pl\/inwestycje\/wp-json\/wp\/v2\/types\/page"}],"author":[{"embeddable":true,"href":"http:\/\/uojdanow.pl\/inwestycje\/wp-json\/wp\/v2\/users\/1"}],"replies":[{"embeddable":true,"href":"http:\/\/uojdanow.pl\/inwestycje\/wp-json\/wp\/v2\/comments?post=67"}],"version-history":[{"count":2,"href":"http:\/\/uojdanow.pl\/inwestycje\/wp-json\/wp\/v2\/pages\/67\/revisions"}],"predecessor-version":[{"id":247,"href":"http:\/\/uojdanow.pl\/inwestycje\/wp-json\/wp\/v2\/pages\/67\/revisions\/247"}],"wp:attachment":[{"href":"http:\/\/uojdanow.pl\/inwestycje\/wp-json\/wp\/v2\/media?parent=67"}],"curies":[{"name":"wp","href":"https:\/\/api.w.org\/{rel}","templated":true}]}}